{"id":2030,"date":"2020-12-03T21:10:02","date_gmt":"2020-12-03T21:10:02","guid":{"rendered":"https:\/\/nomadimmigrationservices.com\/about-us\/"},"modified":"2025-10-22T22:25:00","modified_gmt":"2025-10-22T22:25:00","slug":"immigration-law-experts","status":"publish","type":"page","link":"https:\/\/nomadimmigrationservices.com\/es\/immigration-law-experts\/","title":{"rendered":"Qui\u00e9nes somos"},"content":{"rendered":"<div data-elementor-type=\"wp-post\" data-elementor-id=\"2030\" class=\"elementor elementor-2030\">\n\t\t\t\t\t\t<section class=\"elementor-section elementor-top-section elementor-element elementor-element-72124a0 elementor-section-boxed elementor-section-height-default elementor-section-height-default sc_fly_static\" data-id=\"72124a0\" data-element_type=\"section\">\n\t\t\t\t\t\t<div class=\"elementor-container elementor-column-gap-extended\">\n\t\t\t\t\t<div class=\"elementor-column elementor-col-100 elementor-top-column elementor-element elementor-element-4b10331 sc_content_align_inherit sc_layouts_column_icons_position_left sc_fly_static\" data-id=\"4b10331\" data-element_type=\"column\">\n\t\t\t<div class=\"elementor-widget-wrap elementor-element-populated\">\n\t\t\t\t\t\t<div class=\"elementor-element elementor-element-22751f4 sc_height_huge sc_fly_static elementor-widget elementor-widget-spacer\" data-id=\"22751f4\" data-element_type=\"widget\" data-widget_type=\"spacer.default\">\n\t\t\t\t<div class=\"elementor-widget-container\">\n\t\t\t\t\t\t\t<div class=\"elementor-spacer\">\n\t\t\t<div class=\"elementor-spacer-inner\"><\/div>\n\t\t<\/div>\n\t\t\t\t\t\t<\/div>\n\t\t\t\t<\/div>\n\t\t\t\t<div class=\"elementor-element elementor-element-6cb3b62 sc_fly_static elementor-widget elementor-widget-text-editor\" data-id=\"6cb3b62\" data-element_type=\"widget\" data-widget_type=\"text-editor.default\">\n\t\t\t\t<div class=\"elementor-widget-container\">\n\t\t\t\t\t\t\t\t\t<p>En NOMAD somos Expertos Legales en Migraci\u00f3n y contamos con m\u00e1s de 10 a\u00f1os de experiencia combinada asesorando a nuestros clientes extranjeros en la obtenci\u00f3n de un estatus migratorio en Costa Rica. A lo largo de todos los procesos, nuestro equipo est\u00e1 al tanto de cada tr\u00e1mite y sus requisitos, para que sean aprobados lo m\u00e1s pronto posible y en total cumplimiento con las regulaciones locales.<\/p>\t\t\t\t\t\t\t\t<\/div>\n\t\t\t\t<\/div>\n\t\t\t\t\t<\/div>\n\t\t<\/div>\n\t\t\t\t\t<\/div>\n\t\t<\/section>\n\t\t\t\t<section class=\"elementor-section elementor-top-section elementor-element elementor-element-394f59d elementor-reverse-mobile elementor-section-boxed elementor-section-height-default elementor-section-height-default sc_fly_static\" data-id=\"394f59d\" data-element_type=\"section\" data-settings=\"{&quot;background_background&quot;:&quot;classic&quot;}\">\n\t\t\t\t\t\t<div class=\"elementor-container elementor-column-gap-extended\">\n\t\t\t\t\t<div class=\"elementor-column elementor-col-50 elementor-top-column elementor-element elementor-element-9f21918 sc-tablet_inner_width_none sc-tablet_content_align_inherit sc_content_align_inherit sc_layouts_column_icons_position_left sc_fly_static\" data-id=\"9f21918\" data-element_type=\"column\" data-settings=\"{&quot;background_background&quot;:&quot;classic&quot;}\">\n\t\t\t<div class=\"elementor-widget-wrap elementor-element-populated\">\n\t\t\t\t\t\t<div class=\"elementor-element elementor-element-f2db494 sc_fly_static elementor-widget elementor-widget-trx_sc_title\" data-id=\"f2db494\" data-element_type=\"widget\" data-widget_type=\"trx_sc_title.default\">\n\t\t\t\t<div class=\"elementor-widget-container\">\n\t\t\t\t\t<div\t\tclass=\"sc_title sc_title_default\"><h2 class=\"sc_item_title sc_title_title sc_item_title_style_default sc_item_title_tag\"\n\t\t\t><span class=\"sc_item_title_text\">Margarita Sand\u00ed<\/span><\/h2><span class=\"sc_item_subtitle sc_title_subtitle sc_item_subtitle_below sc_item_title_style_default\">Abogado con amplia experiencia en soluciones integrales de inmigraci\u00f3n.<\/span><div class=\"sc_item_descr sc_title_descr\"><p>Margarita es una abogada con amplia experiencia en soluciones integrales de inmigraci\u00f3n. Su capacidad para las relaciones interpersonales es un gran activo, cuando se trata de interactuar con numerosas partes interesadas en un proceso o procedimiento. <\/p>\n<p>Tiene experiencia en diversas \u00e1reas de pr\u00e1ctica; especializada en Derecho de Extranjer\u00eda, tambi\u00e9n tiene amplia experiencia en Derecho Societario, adem\u00e1s de estar altamente capacitada en materia de Derecho Notarial y Registral.<\/p>\n<\/div><\/div>\t\t\t\t<\/div>\n\t\t\t\t<\/div>\n\t\t\t\t<div class=\"elementor-element elementor-element-fae4d04 sc_fly_static elementor-widget elementor-widget-spacer\" data-id=\"fae4d04\" data-element_type=\"widget\" data-widget_type=\"spacer.default\">\n\t\t\t\t<div class=\"elementor-widget-container\">\n\t\t\t\t\t\t\t<div class=\"elementor-spacer\">\n\t\t\t<div class=\"elementor-spacer-inner\"><\/div>\n\t\t<\/div>\n\t\t\t\t\t\t<\/div>\n\t\t\t\t<\/div>\n\t\t\t\t<div class=\"elementor-element elementor-element-eafdb9e sc_fly_static elementor-widget elementor-widget-image\" data-id=\"eafdb9e\" data-element_type=\"widget\" data-widget_type=\"image.default\">\n\t\t\t\t<div class=\"elementor-widget-container\">\n\t\t\t\t\t\t\t\t\t\t\t\t\t\t\t<img decoding=\"async\" width=\"300\" height=\"80\" src=\"https:\/\/nomadimmigrationservices.com\/wp-content\/uploads\/2020\/11\/firma1.png\" class=\"attachment-large size-large wp-image-1777\" alt=\"\" \/>\t\t\t\t\t\t\t\t\t\t\t\t\t\t\t<\/div>\n\t\t\t\t<\/div>\n\t\t\t\t\t<\/div>\n\t\t<\/div>\n\t\t\t\t<div class=\"elementor-column elementor-col-50 elementor-top-column elementor-element elementor-element-4ae782f sc-tablet_content_align_right sc-tablet_layouts_column_align_right sc_layouts_column sc_content_align_inherit sc_layouts_column_icons_position_left sc_fly_static\" data-id=\"4ae782f\" data-element_type=\"column\">\n\t\t\t<div class=\"elementor-widget-wrap elementor-element-populated\">\n\t\t\t\t\t\t<div class=\"elementor-element elementor-element-0c8f918 sc_fly_static elementor-widget elementor-widget-image\" data-id=\"0c8f918\" data-element_type=\"widget\" data-widget_type=\"image.default\">\n\t\t\t\t<div class=\"elementor-widget-container\">\n\t\t\t\t\t\t\t\t\t\t\t\t\t\t\t<img fetchpriority=\"high\" decoding=\"async\" width=\"1080\" height=\"1620\" src=\"https:\/\/nomadimmigrationservices.com\/wp-content\/uploads\/2021\/09\/1.jpg\" class=\"attachment-full size-full wp-image-2644\" alt=\"\" srcset=\"https:\/\/nomadimmigrationservices.com\/wp-content\/uploads\/2021\/09\/1.jpg 1080w, https:\/\/nomadimmigrationservices.com\/wp-content\/uploads\/2021\/09\/1-200x300.jpg 200w, https:\/\/nomadimmigrationservices.com\/wp-content\/uploads\/2021\/09\/1-683x1024.jpg 683w, https:\/\/nomadimmigrationservices.com\/wp-content\/uploads\/2021\/09\/1-768x1152.jpg 768w, https:\/\/nomadimmigrationservices.com\/wp-content\/uploads\/2021\/09\/1-1024x1536.jpg 1024w, https:\/\/nomadimmigrationservices.com\/wp-content\/uploads\/2021\/09\/1-370x555.jpg 370w, https:\/\/nomadimmigrationservices.com\/wp-content\/uploads\/2021\/09\/1-760x1140.jpg 760w, https:\/\/nomadimmigrationservices.com\/wp-content\/uploads\/2021\/09\/1-340x510.jpg 340w, https:\/\/nomadimmigrationservices.com\/wp-content\/uploads\/2021\/09\/1-600x900.jpg 600w\" sizes=\"(max-width: 1080px) 100vw, 1080px\" \/>\t\t\t\t\t\t\t\t\t\t\t\t\t\t\t<\/div>\n\t\t\t\t<\/div>\n\t\t\t\t<div class=\"elementor-element elementor-element-7938798 elementor-shape-rounded elementor-grid-0 e-grid-align-center sc_fly_static elementor-widget elementor-widget-social-icons\" data-id=\"7938798\" data-element_type=\"widget\" data-widget_type=\"social-icons.default\">\n\t\t\t\t<div class=\"elementor-widget-container\">\n\t\t\t\t\t\t\t<div class=\"elementor-social-icons-wrapper elementor-grid\">\n\t\t\t\t\t\t\t<span class=\"elementor-grid-item\">\n\t\t\t\t\t<a class=\"elementor-icon elementor-social-icon elementor-social-icon-linkedin elementor-repeater-item-586ceb8\" href=\"https:\/\/www.linkedin.com\/in\/margarita-sand%C3%AD-9a4bb9148\/\" target=\"_blank\">\n\t\t\t\t\t\t<span class=\"elementor-screen-only\">Linkedin<\/span>\n\t\t\t\t\t\t<i class=\"fab fa-linkedin\"><\/i>\t\t\t\t\t<\/a>\n\t\t\t\t<\/span>\n\t\t\t\t\t<\/div>\n\t\t\t\t\t\t<\/div>\n\t\t\t\t<\/div>\n\t\t\t\t\t<\/div>\n\t\t<\/div>\n\t\t\t\t\t<\/div>\n\t\t<\/section>\n\t\t\t\t<section class=\"elementor-section elementor-top-section elementor-element elementor-element-b428cf3 elementor-section-boxed elementor-section-height-default elementor-section-height-default sc_fly_static\" data-id=\"b428cf3\" data-element_type=\"section\">\n\t\t\t\t\t\t<div class=\"elementor-container elementor-column-gap-extended\">\n\t\t\t\t\t<div class=\"elementor-column elementor-col-100 elementor-top-column elementor-element elementor-element-dad3599 sc_content_align_inherit sc_layouts_column_icons_position_left sc_fly_static\" data-id=\"dad3599\" data-element_type=\"column\">\n\t\t\t<div class=\"elementor-widget-wrap elementor-element-populated\">\n\t\t\t\t\t\t<div class=\"elementor-element elementor-element-aca6bd8 sc_fly_static elementor-widget elementor-widget-spacer\" data-id=\"aca6bd8\" data-element_type=\"widget\" data-widget_type=\"spacer.default\">\n\t\t\t\t<div class=\"elementor-widget-container\">\n\t\t\t\t\t\t\t<div class=\"elementor-spacer\">\n\t\t\t<div class=\"elementor-spacer-inner\"><\/div>\n\t\t<\/div>\n\t\t\t\t\t\t<\/div>\n\t\t\t\t<\/div>\n\t\t\t\t\t<\/div>\n\t\t<\/div>\n\t\t\t\t\t<\/div>\n\t\t<\/section>\n\t\t\t\t<section class=\"elementor-section elementor-top-section elementor-element elementor-element-8fb256b elementor-section-full_width scheme_dark elementor-reverse-mobile elementor-section-height-default elementor-section-height-default sc_fly_static\" data-id=\"8fb256b\" data-element_type=\"section\" data-settings=\"{&quot;background_background&quot;:&quot;classic&quot;}\">\n\t\t\t\t\t\t<div class=\"elementor-container elementor-column-gap-no\">\n\t\t\t\t\t<div class=\"elementor-column elementor-col-50 elementor-top-column elementor-element elementor-element-ea58ede sc_inner_width_1_1 sc_content_align_center sc-mobile_inner_width_none sc_layouts_column_icons_position_left sc_fly_static\" data-id=\"ea58ede\" data-element_type=\"column\" data-settings=\"{&quot;background_background&quot;:&quot;slideshow&quot;,&quot;background_slideshow_gallery&quot;:[{&quot;id&quot;:12347,&quot;url&quot;:&quot;https:\\\/\\\/nomadimmigrationservices.com\\\/wp-content\\\/uploads\\\/2025\\\/10\\\/NOMAD-Sitio-Web-horizontal-3.jpg&quot;}],&quot;background_slideshow_loop&quot;:&quot;yes&quot;,&quot;background_slideshow_slide_duration&quot;:5000,&quot;background_slideshow_slide_transition&quot;:&quot;fade&quot;,&quot;background_slideshow_transition_duration&quot;:500}\">\n\t\t\t<div class=\"elementor-widget-wrap elementor-element-populated\">\n\t\t\t\t\t\t<div class=\"elementor-element elementor-element-d2df68c sc_fly_static elementor-widget elementor-widget-spacer\" data-id=\"d2df68c\" data-element_type=\"widget\" data-widget_type=\"spacer.default\">\n\t\t\t\t<div class=\"elementor-widget-container\">\n\t\t\t\t\t\t\t<div class=\"elementor-spacer\">\n\t\t\t<div class=\"elementor-spacer-inner\"><\/div>\n\t\t<\/div>\n\t\t\t\t\t\t<\/div>\n\t\t\t\t<\/div>\n\t\t\t\t<div class=\"elementor-element elementor-element-0d0aab2 elementor-sticky sc_fly_static elementor-widget elementor-widget-trx_sc_title\" data-id=\"0d0aab2\" data-element_type=\"widget\" data-settings=\"{&quot;_position&quot;:&quot;sticky&quot;}\" data-widget_type=\"trx_sc_title.default\">\n\t\t\t\t<div class=\"elementor-widget-container\">\n\t\t\t\t\t<div\t\tclass=\"sc_title sc_title_default\"><h2 class=\"sc_item_title sc_title_title sc_align_left sc_item_title_style_default sc_item_title_tag trx_addons_inline_196898556\"\n\t\t\t><span class=\"sc_item_title_text\">Expertos en Derecho de Inmigraci\u00f3n<\/span><\/h2><\/div>\t\t\t\t<\/div>\n\t\t\t\t<\/div>\n\t\t\t\t<div class=\"elementor-element elementor-element-14164c4 sc_fly_static elementor-widget elementor-widget-progress\" data-id=\"14164c4\" data-element_type=\"widget\" data-widget_type=\"progress.default\">\n\t\t\t\t<div class=\"elementor-widget-container\">\n\t\t\t\t\t\t\t\t<div class=\"elementor-title\" id=\"elementor-progress-bar-14164c4\">\n\t\t\t\tServicios de inmigraci\u00f3n\t\t\t<\/div>\n\t\t\n\t\t<div aria-labelledby=\"elementor-progress-bar-14164c4\" class=\"elementor-progress-wrapper\" role=\"progressbar\" aria-valuemin=\"0\" aria-valuemax=\"100\" aria-valuenow=\"100\">\n\t\t\t<div class=\"elementor-progress-bar\" data-max=\"100\">\n\t\t\t\t<span class=\"elementor-progress-text\"><\/span>\n\t\t\t\t\t\t\t<\/div>\n\t\t<\/div>\n\t\t\t\t\t\t<\/div>\n\t\t\t\t<\/div>\n\t\t\t\t<div class=\"elementor-element elementor-element-3c0a7af sc_fly_static elementor-widget elementor-widget-progress\" data-id=\"3c0a7af\" data-element_type=\"widget\" data-widget_type=\"progress.default\">\n\t\t\t\t<div class=\"elementor-widget-container\">\n\t\t\t\t\t\t\t\t<span class=\"elementor-title\" id=\"elementor-progress-bar-3c0a7af\">\n\t\t\t\tServicios jur\u00eddicos complementarios\t\t\t<\/span>\n\t\t\n\t\t<div aria-labelledby=\"elementor-progress-bar-3c0a7af\" class=\"elementor-progress-wrapper\" role=\"progressbar\" aria-valuemin=\"0\" aria-valuemax=\"100\" aria-valuenow=\"100\">\n\t\t\t<div class=\"elementor-progress-bar\" data-max=\"100\">\n\t\t\t\t<span class=\"elementor-progress-text\"><\/span>\n\t\t\t\t\t\t\t<\/div>\n\t\t<\/div>\n\t\t\t\t\t\t<\/div>\n\t\t\t\t<\/div>\n\t\t\t\t\t<\/div>\n\t\t<\/div>\n\t\t\t\t<div class=\"elementor-column elementor-col-50 elementor-top-column elementor-element elementor-element-3fcc28f sc_content_align_inherit sc_layouts_column_icons_position_left sc_fly_static\" data-id=\"3fcc28f\" data-element_type=\"column\" data-settings=\"{&quot;background_background&quot;:&quot;classic&quot;}\">\n\t\t\t<div class=\"elementor-widget-wrap elementor-element-populated\">\n\t\t\t\t\t\t<div class=\"elementor-element elementor-element-0f070b5 sc_fly_static elementor-widget elementor-widget-spacer\" data-id=\"0f070b5\" data-element_type=\"widget\" data-widget_type=\"spacer.default\">\n\t\t\t\t<div class=\"elementor-widget-container\">\n\t\t\t\t\t\t\t<div class=\"elementor-spacer\">\n\t\t\t<div class=\"elementor-spacer-inner\"><\/div>\n\t\t<\/div>\n\t\t\t\t\t\t<\/div>\n\t\t\t\t<\/div>\n\t\t\t\t<div class=\"elementor-element elementor-element-455aa4f sc_fly_static elementor-widget elementor-widget-spacer\" data-id=\"455aa4f\" data-element_type=\"widget\" data-widget_type=\"spacer.default\">\n\t\t\t\t<div class=\"elementor-widget-container\">\n\t\t\t\t\t\t\t<div class=\"elementor-spacer\">\n\t\t\t<div class=\"elementor-spacer-inner\"><\/div>\n\t\t<\/div>\n\t\t\t\t\t\t<\/div>\n\t\t\t\t<\/div>\n\t\t\t\t<div class=\"elementor-element elementor-element-8a4fa20 sc_fly_static elementor-widget elementor-widget-spacer\" data-id=\"8a4fa20\" data-element_type=\"widget\" data-widget_type=\"spacer.default\">\n\t\t\t\t<div class=\"elementor-widget-container\">\n\t\t\t\t\t\t\t<div class=\"elementor-spacer\">\n\t\t\t<div class=\"elementor-spacer-inner\"><\/div>\n\t\t<\/div>\n\t\t\t\t\t\t<\/div>\n\t\t\t\t<\/div>\n\t\t\t\t\t<\/div>\n\t\t<\/div>\n\t\t\t\t\t<\/div>\n\t\t<\/section>\n\t\t\t\t<section class=\"elementor-section elementor-top-section elementor-element elementor-element-d0a4c28 elementor-section-boxed elementor-section-height-default elementor-section-height-default sc_fly_static\" data-id=\"d0a4c28\" data-element_type=\"section\">\n\t\t\t\t\t\t<div class=\"elementor-container elementor-column-gap-extended\">\n\t\t\t\t\t<div class=\"elementor-column elementor-col-100 elementor-top-column elementor-element elementor-element-71d788c sc_content_align_inherit sc_layouts_column_icons_position_left sc_fly_static\" data-id=\"71d788c\" data-element_type=\"column\">\n\t\t\t<div class=\"elementor-widget-wrap\">\n\t\t\t\t\t\t\t<\/div>\n\t\t<\/div>\n\t\t\t\t\t<\/div>\n\t\t<\/section>\n\t\t\t\t<\/div>","protected":false},"excerpt":{"rendered":"<p>At NOMAD, we are Immigration Legal Experts and we have more than 10 years of combined experience in advising our foreign clients in obtaining an immigration status in Costa Rica. Throughout all processes, our team is aware of each procedure&hellip;<\/p>","protected":false},"author":1,"featured_media":0,"parent":0,"menu_order":0,"comment_status":"closed","ping_status":"closed","template":"","meta":{"footnotes":""},"class_list":["post-2030","page","type-page","status-publish","hentry"],"yoast_head":"<!-- This site is optimized with the Yoast SEO plugin v24.8 - https:\/\/yoast.com\/wordpress\/plugins\/seo\/ -->\n<title>About Us - Nomad Immigration Services<\/title>\n<meta name=\"robots\" content=\"index, follow, max-snippet:-1, max-image-preview:large, max-video-preview:-1\" \/>\n<link rel=\"canonical\" href=\"https:\/\/nomadimmigrationservices.com\/es\/immigration-law-experts\/\" \/>\n<meta property=\"og:locale\" content=\"es_ES\" \/>\n<meta property=\"og:type\" content=\"article\" \/>\n<meta property=\"og:title\" content=\"About Us - Nomad Immigration Services\" \/>\n<meta property=\"og:description\" content=\"At NOMAD, we are Immigration Legal Experts and we have more than 10 years of combined experience in advising our foreign clients in obtaining an immigration status in Costa Rica. Throughout all processes, our team is aware of each procedure&hellip;\" \/>\n<meta property=\"og:url\" content=\"https:\/\/nomadimmigrationservices.com\/es\/immigration-law-experts\/\" \/>\n<meta property=\"og:site_name\" content=\"Nomad Immigration Services\" \/>\n<meta property=\"article:modified_time\" content=\"2025-10-22T22:25:00+00:00\" \/>\n<meta property=\"og:image\" content=\"https:\/\/nomadimmigrationservices.com\/wp-content\/uploads\/2020\/11\/firma1.png\" \/>\n\t<meta property=\"og:image:width\" content=\"300\" \/>\n\t<meta property=\"og:image:height\" content=\"80\" \/>\n\t<meta property=\"og:image:type\" content=\"image\/png\" \/>\n<meta name=\"twitter:card\" content=\"summary_large_image\" \/>\n<meta name=\"twitter:label1\" content=\"Tiempo de lectura\" \/>\n\t<meta name=\"twitter:data1\" content=\"2 minutos\" \/>\n<script type=\"application\/ld+json\" class=\"yoast-schema-graph\">{\"@context\":\"https:\/\/schema.org\",\"@graph\":[{\"@type\":\"WebPage\",\"@id\":\"https:\/\/nomadimmigrationservices.com\/immigration-law-experts\/\",\"url\":\"https:\/\/nomadimmigrationservices.com\/immigration-law-experts\/\",\"name\":\"About Us - Nomad Immigration Services\",\"isPartOf\":{\"@id\":\"https:\/\/nomadimmigrationservices.com\/#website\"},\"primaryImageOfPage\":{\"@id\":\"https:\/\/nomadimmigrationservices.com\/immigration-law-experts\/#primaryimage\"},\"image\":{\"@id\":\"https:\/\/nomadimmigrationservices.com\/immigration-law-experts\/#primaryimage\"},\"thumbnailUrl\":\"https:\/\/nomadimmigrationservices.com\/wp-content\/uploads\/2020\/11\/firma1.png\",\"datePublished\":\"2020-12-03T21:10:02+00:00\",\"dateModified\":\"2025-10-22T22:25:00+00:00\",\"breadcrumb\":{\"@id\":\"https:\/\/nomadimmigrationservices.com\/immigration-law-experts\/#breadcrumb\"},\"inLanguage\":\"es\",\"potentialAction\":[{\"@type\":\"ReadAction\",\"target\":[\"https:\/\/nomadimmigrationservices.com\/immigration-law-experts\/\"]}]},{\"@type\":\"ImageObject\",\"inLanguage\":\"es\",\"@id\":\"https:\/\/nomadimmigrationservices.com\/immigration-law-experts\/#primaryimage\",\"url\":\"https:\/\/nomadimmigrationservices.com\/wp-content\/uploads\/2020\/11\/firma1.png\",\"contentUrl\":\"https:\/\/nomadimmigrationservices.com\/wp-content\/uploads\/2020\/11\/firma1.png\"},{\"@type\":\"BreadcrumbList\",\"@id\":\"https:\/\/nomadimmigrationservices.com\/immigration-law-experts\/#breadcrumb\",\"itemListElement\":[{\"@type\":\"ListItem\",\"position\":1,\"name\":\"Home\",\"item\":\"https:\/\/nomadimmigrationservices.com\/\"},{\"@type\":\"ListItem\",\"position\":2,\"name\":\"About Us\"}]},{\"@type\":\"WebSite\",\"@id\":\"https:\/\/nomadimmigrationservices.com\/#website\",\"url\":\"https:\/\/nomadimmigrationservices.com\/\",\"name\":\"Nomad Immigration Services\",\"description\":\"Immigration Services Costa Rica\",\"publisher\":{\"@id\":\"https:\/\/nomadimmigrationservices.com\/#organization\"},\"potentialAction\":[{\"@type\":\"SearchAction\",\"target\":{\"@type\":\"EntryPoint\",\"urlTemplate\":\"https:\/\/nomadimmigrationservices.com\/?s={search_term_string}\"},\"query-input\":{\"@type\":\"PropertyValueSpecification\",\"valueRequired\":true,\"valueName\":\"search_term_string\"}}],\"inLanguage\":\"es\"},{\"@type\":\"Organization\",\"@id\":\"https:\/\/nomadimmigrationservices.com\/#organization\",\"name\":\"Nomad Immigration Services\",\"url\":\"https:\/\/nomadimmigrationservices.com\/\",\"logo\":{\"@type\":\"ImageObject\",\"inLanguage\":\"es\",\"@id\":\"https:\/\/nomadimmigrationservices.com\/#\/schema\/logo\/image\/\",\"url\":\"https:\/\/nomadimmigrationservices.com\/wp-content\/uploads\/2022\/06\/cropped-Logo-Nomad-blanco-1.png\",\"contentUrl\":\"https:\/\/nomadimmigrationservices.com\/wp-content\/uploads\/2022\/06\/cropped-Logo-Nomad-blanco-1.png\",\"width\":1532,\"height\":525,\"caption\":\"Nomad Immigration Services\"},\"image\":{\"@id\":\"https:\/\/nomadimmigrationservices.com\/#\/schema\/logo\/image\/\"}}]}<\/script>\n<!-- \/ Yoast SEO plugin. -->","yoast_head_json":{"title":"About Us - Nomad Immigration Services","robots":{"index":"index","follow":"follow","max-snippet":"max-snippet:-1","max-image-preview":"max-image-preview:large","max-video-preview":"max-video-preview:-1"},"canonical":"https:\/\/nomadimmigrationservices.com\/es\/immigration-law-experts\/","og_locale":"es_ES","og_type":"article","og_title":"About Us - Nomad Immigration Services","og_description":"At NOMAD, we are Immigration Legal Experts and we have more than 10 years of combined experience in advising our foreign clients in obtaining an immigration status in Costa Rica. Throughout all processes, our team is aware of each procedure&hellip;","og_url":"https:\/\/nomadimmigrationservices.com\/es\/immigration-law-experts\/","og_site_name":"Nomad Immigration Services","article_modified_time":"2025-10-22T22:25:00+00:00","og_image":[{"width":300,"height":80,"url":"https:\/\/nomadimmigrationservices.com\/wp-content\/uploads\/2020\/11\/firma1.png","type":"image\/png"}],"twitter_card":"summary_large_image","twitter_misc":{"Tiempo de lectura":"2 minutos"},"schema":{"@context":"https:\/\/schema.org","@graph":[{"@type":"WebPage","@id":"https:\/\/nomadimmigrationservices.com\/immigration-law-experts\/","url":"https:\/\/nomadimmigrationservices.com\/immigration-law-experts\/","name":"About Us - Nomad Immigration Services","isPartOf":{"@id":"https:\/\/nomadimmigrationservices.com\/#website"},"primaryImageOfPage":{"@id":"https:\/\/nomadimmigrationservices.com\/immigration-law-experts\/#primaryimage"},"image":{"@id":"https:\/\/nomadimmigrationservices.com\/immigration-law-experts\/#primaryimage"},"thumbnailUrl":"https:\/\/nomadimmigrationservices.com\/wp-content\/uploads\/2020\/11\/firma1.png","datePublished":"2020-12-03T21:10:02+00:00","dateModified":"2025-10-22T22:25:00+00:00","breadcrumb":{"@id":"https:\/\/nomadimmigrationservices.com\/immigration-law-experts\/#breadcrumb"},"inLanguage":"es","potentialAction":[{"@type":"ReadAction","target":["https:\/\/nomadimmigrationservices.com\/immigration-law-experts\/"]}]},{"@type":"ImageObject","inLanguage":"es","@id":"https:\/\/nomadimmigrationservices.com\/immigration-law-experts\/#primaryimage","url":"https:\/\/nomadimmigrationservices.com\/wp-content\/uploads\/2020\/11\/firma1.png","contentUrl":"https:\/\/nomadimmigrationservices.com\/wp-content\/uploads\/2020\/11\/firma1.png"},{"@type":"BreadcrumbList","@id":"https:\/\/nomadimmigrationservices.com\/immigration-law-experts\/#breadcrumb","itemListElement":[{"@type":"ListItem","position":1,"name":"Home","item":"https:\/\/nomadimmigrationservices.com\/"},{"@type":"ListItem","position":2,"name":"About Us"}]},{"@type":"WebSite","@id":"https:\/\/nomadimmigrationservices.com\/#website","url":"https:\/\/nomadimmigrationservices.com\/","name":"Nomad Immigration Services","description":"Immigration Services Costa Rica","publisher":{"@id":"https:\/\/nomadimmigrationservices.com\/#organization"},"potentialAction":[{"@type":"SearchAction","target":{"@type":"EntryPoint","urlTemplate":"https:\/\/nomadimmigrationservices.com\/?s={search_term_string}"},"query-input":{"@type":"PropertyValueSpecification","valueRequired":true,"valueName":"search_term_string"}}],"inLanguage":"es"},{"@type":"Organization","@id":"https:\/\/nomadimmigrationservices.com\/#organization","name":"Nomad Immigration Services","url":"https:\/\/nomadimmigrationservices.com\/","logo":{"@type":"ImageObject","inLanguage":"es","@id":"https:\/\/nomadimmigrationservices.com\/#\/schema\/logo\/image\/","url":"https:\/\/nomadimmigrationservices.com\/wp-content\/uploads\/2022\/06\/cropped-Logo-Nomad-blanco-1.png","contentUrl":"https:\/\/nomadimmigrationservices.com\/wp-content\/uploads\/2022\/06\/cropped-Logo-Nomad-blanco-1.png","width":1532,"height":525,"caption":"Nomad Immigration Services"},"image":{"@id":"https:\/\/nomadimmigrationservices.com\/#\/schema\/logo\/image\/"}}]}},"_links":{"self":[{"href":"https:\/\/nomadimmigrationservices.com\/es\/wp-json\/wp\/v2\/pages\/2030","targetHints":{"allow":["GET"]}}],"collection":[{"href":"https:\/\/nomadimmigrationservices.com\/es\/wp-json\/wp\/v2\/pages"}],"about":[{"href":"https:\/\/nomadimmigrationservices.com\/es\/wp-json\/wp\/v2\/types\/page"}],"author":[{"embeddable":true,"href":"https:\/\/nomadimmigrationservices.com\/es\/wp-json\/wp\/v2\/users\/1"}],"replies":[{"embeddable":true,"href":"https:\/\/nomadimmigrationservices.com\/es\/wp-json\/wp\/v2\/comments?post=2030"}],"version-history":[{"count":80,"href":"https:\/\/nomadimmigrationservices.com\/es\/wp-json\/wp\/v2\/pages\/2030\/revisions"}],"predecessor-version":[{"id":12351,"href":"https:\/\/nomadimmigrationservices.com\/es\/wp-json\/wp\/v2\/pages\/2030\/revisions\/12351"}],"wp:attachment":[{"href":"https:\/\/nomadimmigrationservices.com\/es\/wp-json\/wp\/v2\/media?parent=2030"}],"curies":[{"name":"wp","href":"https:\/\/api.w.org\/{rel}","templated":true}]}}