{"id":174,"date":"2019-08-05T10:50:25","date_gmt":"2019-08-05T10:50:25","guid":{"rendered":"https:\/\/nomadimmigrationservices.com\/?page_id=174"},"modified":"2025-09-23T00:12:46","modified_gmt":"2025-09-23T00:12:46","slug":"serviciosmigratorios","status":"publish","type":"page","link":"https:\/\/nomadimmigrationservices.com\/es\/serviciosmigratorios\/","title":{"rendered":"Servicios"},"content":{"rendered":"<div data-elementor-type=\"wp-page\" data-elementor-id=\"174\" class=\"elementor elementor-174\">\n\t\t\t\t\t\t<section class=\"elementor-section elementor-top-section elementor-element elementor-element-43db361 elementor-section-boxed elementor-section-height-default elementor-section-height-default sc_fly_static\" data-id=\"43db361\" data-element_type=\"section\">\n\t\t\t\t\t\t<div class=\"elementor-container elementor-column-gap-extended\">\n\t\t\t\t\t<div class=\"elementor-column elementor-col-100 elementor-top-column elementor-element elementor-element-1303c9d sc_content_align_inherit sc_layouts_column_icons_position_left sc_fly_static\" data-id=\"1303c9d\" data-element_type=\"column\">\n\t\t\t<div class=\"elementor-widget-wrap elementor-element-populated\">\n\t\t\t\t\t\t<div class=\"elementor-element elementor-element-89e88b9 sc_fly_static elementor-widget elementor-widget-trx_sc_blogger\" data-id=\"89e88b9\" data-element_type=\"widget\" data-widget_type=\"trx_sc_blogger.default\">\n\t\t\t\t<div class=\"elementor-widget-container\">\n\t\t\t\t\t<div \t\tclass=\"sc_blogger sc_blogger_default sc_blogger_default_classic_2 sc_item_filters_tabs_none alignnone\"><div class=\"sc_blogger_columns_wrap sc_item_columns sc_item_posts_container trx_addons_columns_wrap columns_padding_bottom columns_in_single_row\"><div class=\"trx_addons_column-1_3\"><div data-post-id=\"111\" data-item-number=\"1\" class=\"sc_blogger_item sc_item_container post_container sc_blogger_item_default sc_blogger_item_default_classic_2 sc_blogger_item_odd sc_blogger_item_align_none post_format_standard sc_blogger_item_with_image sc_blogger_item_with_excerpt sc_blogger_item_image_position_top post-111 post type-post status-publish format-standard has-post-thumbnail hentry category-servicios\"><div class=\"sc_blogger_item_body\"><div class=\"post_featured with_thumb hover_icon sc_item_featured sc_blogger_item_featured post_featured_bg wanderic_inline_2064587207\" data-ratio=\"9:16\">\t\t\t\t\t\t<div class=\"mask\"><\/div>\n\t\t\t\t\t\t\t\t\t<div class=\"icons\"><a href=\"https:\/\/nomadimmigrationservices.com\/es\/servicios-migratorios\/\"  aria-hidden=\"true\" class=\"icon-search-alt\"><\/a><\/div>\n\t\t\t<div class=\"post_info_bl\"><div class=\"post_meta sc_blogger_item_meta post_meta_categories\"><span class=\"post_meta_item post_categories\"><a href=\"https:\/\/nomadimmigrationservices.com\/es\/category\/servicios\/\" rel=\"category tag\">Servicios<\/a><\/span><\/div><\/div><a class=\"post_link sc_blogger_item_link\" href=\"https:\/\/nomadimmigrationservices.com\/es\/servicios-migratorios\/\"><\/a><\/div><div class=\"sc_blogger_item_content entry-content\"><h5 class=\"sc_blogger_item_title entry-title\" data-item-number=\"1\"><a href=\"https:\/\/nomadimmigrationservices.com\/es\/servicios-migratorios\/\" rel=\"bookmark\">SERVICIOS MIGRATORIOS<\/a><\/h5><div class=\"sc_blogger_post_meta post_meta sc_blogger_item_meta post_meta\"><\/div><div class=\"sc_blogger_item_excerpt\">Cuando la decisi\u00f3n de trasladarse a vivir a otro pa\u00eds ya est\u00e1 tomada, el gran desaf\u00edo que la mayor\u00eda de la gente enfrenta es c\u00f3mo hacerlo de forma legal y determinar qu\u00e9 se necesitar\u00e1 para lograrlo.    En NOMAD le ofrecemos...<\/div><div class=\"sc_blogger_item_button sc_item_button\"><a href=\"https:\/\/nomadimmigrationservices.com\/es\/servicios-migratorios\/\" class=\"sc_button sc_button_simple\">Leer m\u00e1s<\/a><\/div><\/div><\/div><\/div><\/div><div class=\"trx_addons_column-1_3\"><div data-post-id=\"126\" data-item-number=\"2\" class=\"sc_blogger_item sc_item_container post_container sc_blogger_item_default sc_blogger_item_default_classic_2 sc_blogger_item_even sc_blogger_item_align_none post_format_standard sc_blogger_item_with_image sc_blogger_item_with_excerpt sc_blogger_item_image_position_top post-126 post type-post status-publish format-standard has-post-thumbnail hentry category-servicios\"><div class=\"sc_blogger_item_body\"><div class=\"post_featured with_thumb hover_icon sc_item_featured sc_blogger_item_featured post_featured_bg wanderic_inline_2135615538\" data-ratio=\"9:16\">\t\t\t\t\t\t<div class=\"mask\"><\/div>\n\t\t\t\t\t\t\t\t\t<div class=\"icons\"><a href=\"https:\/\/nomadimmigrationservices.com\/es\/otros-servicios-relacionados\/\"  aria-hidden=\"true\" class=\"icon-search-alt\"><\/a><\/div>\n\t\t\t<div class=\"post_info_bl\"><div class=\"post_meta sc_blogger_item_meta post_meta_categories\"><span class=\"post_meta_item post_categories\"><a href=\"https:\/\/nomadimmigrationservices.com\/es\/category\/servicios\/\" rel=\"category tag\">Servicios<\/a><\/span><\/div><\/div><a class=\"post_link sc_blogger_item_link\" href=\"https:\/\/nomadimmigrationservices.com\/es\/otros-servicios-relacionados\/\"><\/a><\/div><div class=\"sc_blogger_item_content entry-content\"><h5 class=\"sc_blogger_item_title entry-title\" data-item-number=\"2\"><a href=\"https:\/\/nomadimmigrationservices.com\/es\/otros-servicios-relacionados\/\" rel=\"bookmark\">OTROS SERVICIOS RELACIONADOS<\/a><\/h5><div class=\"sc_blogger_post_meta post_meta sc_blogger_item_meta post_meta\"><\/div><div class=\"sc_blogger_item_excerpt\">Nuestros servicios est\u00e1n enfocados en ofrecerle al cliente el mejor y m\u00e1s completo apoyo para su traslado a Costa Rica. Nuestra prioridad ser\u00e1 resolver su estatus migratorio; sin embargo, podemos apoyarle coordinando su mudanza, buscando su nuevo hogar, carro, escuelas...<\/div><div class=\"sc_blogger_item_button sc_item_button\"><a href=\"https:\/\/nomadimmigrationservices.com\/es\/otros-servicios-relacionados\/\" class=\"sc_button sc_button_simple\">Leer m\u00e1s<\/a><\/div><\/div><\/div><\/div><\/div><div class=\"trx_addons_column-1_3\"><div data-post-id=\"128\" data-item-number=\"3\" class=\"sc_blogger_item sc_item_container post_container sc_blogger_item_default sc_blogger_item_default_classic_2 sc_blogger_item_odd sc_blogger_item_align_none post_format_image sc_blogger_item_with_image sc_blogger_item_with_excerpt sc_blogger_item_image_position_top post-128 post type-post status-publish format-image has-post-thumbnail hentry category-servicios post_format-post-format-image\"><div class=\"sc_blogger_item_body\"><div class=\"post_featured with_thumb hover_icon sc_item_featured sc_blogger_item_featured post_featured_bg wanderic_inline_1608748955\" data-ratio=\"9:16\">\t\t\t\t\t\t<div class=\"mask\"><\/div>\n\t\t\t\t\t\t\t\t\t<div class=\"icons\"><a href=\"https:\/\/nomadimmigrationservices.com\/es\/servicios-legales-completos\/\"  aria-hidden=\"true\" class=\"icon-search-alt\"><\/a><\/div>\n\t\t\t<div class=\"post_info_bl\"><div class=\"post_meta sc_blogger_item_meta post_meta_categories\"><span class=\"post_meta_item post_categories\"><a href=\"https:\/\/nomadimmigrationservices.com\/es\/category\/servicios\/\" rel=\"category tag\">Servicios<\/a><\/span><\/div><\/div><a class=\"post_link sc_blogger_item_link\" href=\"https:\/\/nomadimmigrationservices.com\/es\/servicios-legales-completos\/\"><\/a><\/div><div class=\"sc_blogger_item_content entry-content\"><h5 class=\"sc_blogger_item_title entry-title\" data-item-number=\"3\"><a href=\"https:\/\/nomadimmigrationservices.com\/es\/servicios-legales-completos\/\" rel=\"bookmark\">SERVICIOS JUR\u00cdDICOS COMPLEMENTARIOS<\/a><\/h5><div class=\"sc_blogger_post_meta post_meta sc_blogger_item_meta post_meta\"><\/div><div class=\"sc_blogger_item_excerpt\">Trabajamos de la mano con TACTIC Legal, una firma regional con presencia en Centroam\u00e9rica, especializada en ofrecer soluciones legales estrat\u00e9gicas e innovadoras para empresas que operan en un entorno en constante evoluci\u00f3n. TACTIC Legal se consolida como un aliado clave...<\/div><div class=\"sc_blogger_item_button sc_item_button\"><a href=\"https:\/\/nomadimmigrationservices.com\/es\/servicios-legales-completos\/\" class=\"sc_button sc_button_simple\">Leer m\u00e1s<\/a><\/div><\/div><\/div><\/div><\/div><\/div><\/div>\t\t\t\t<\/div>\n\t\t\t\t<\/div>\n\t\t\t\t\t<\/div>\n\t\t<\/div>\n\t\t\t\t\t<\/div>\n\t\t<\/section>\n\t\t\t\t<\/div>","protected":false},"excerpt":{"rendered":"<p>Servicios SERVICIOS MIGRATORIOS Cuando la decisi\u00f3n de trasladarse a vivir a otro pa\u00eds ya est\u00e1 tomada, el gran desaf\u00edo que la mayor\u00eda de la gente enfrenta es c\u00f3mo hacerlo de forma legal y determinar qu\u00e9 se necesitar\u00e1 para lograrlo. En&hellip;<\/p>","protected":false},"author":1,"featured_media":0,"parent":0,"menu_order":0,"comment_status":"closed","ping_status":"open","template":"","meta":{"footnotes":""},"class_list":["post-174","page","type-page","status-publish","hentry"],"yoast_head":"<!-- This site is optimized with the Yoast SEO plugin v24.8 - https:\/\/yoast.com\/wordpress\/plugins\/seo\/ -->\n<title>Servicios - Nomad Immigration Services<\/title>\n<meta name=\"robots\" content=\"index, follow, max-snippet:-1, max-image-preview:large, max-video-preview:-1\" \/>\n<link rel=\"canonical\" href=\"https:\/\/nomadimmigrationservices.com\/es\/serviciosmigratorios\/\" \/>\n<meta property=\"og:locale\" content=\"es_ES\" \/>\n<meta property=\"og:type\" content=\"article\" \/>\n<meta property=\"og:title\" content=\"Servicios - Nomad Immigration Services\" \/>\n<meta property=\"og:description\" content=\"Servicios SERVICIOS MIGRATORIOS Cuando la decisi\u00f3n de trasladarse a vivir a otro pa\u00eds ya est\u00e1 tomada, el gran desaf\u00edo que la mayor\u00eda de la gente enfrenta es c\u00f3mo hacerlo de forma legal y determinar qu\u00e9 se necesitar\u00e1 para lograrlo. En&hellip;\" \/>\n<meta property=\"og:url\" content=\"https:\/\/nomadimmigrationservices.com\/es\/serviciosmigratorios\/\" \/>\n<meta property=\"og:site_name\" content=\"Nomad Immigration Services\" \/>\n<meta property=\"article:modified_time\" content=\"2025-09-23T00:12:46+00:00\" \/>\n<meta name=\"twitter:card\" content=\"summary_large_image\" \/>\n<meta name=\"twitter:label1\" content=\"Tiempo de lectura\" \/>\n\t<meta name=\"twitter:data1\" content=\"2 minutos\" \/>\n<script type=\"application\/ld+json\" class=\"yoast-schema-graph\">{\"@context\":\"https:\/\/schema.org\",\"@graph\":[{\"@type\":\"WebPage\",\"@id\":\"https:\/\/nomadimmigrationservices.com\/serviciosmigratorios\/\",\"url\":\"https:\/\/nomadimmigrationservices.com\/serviciosmigratorios\/\",\"name\":\"Servicios - Nomad Immigration Services\",\"isPartOf\":{\"@id\":\"https:\/\/nomadimmigrationservices.com\/#website\"},\"datePublished\":\"2019-08-05T10:50:25+00:00\",\"dateModified\":\"2025-09-23T00:12:46+00:00\",\"breadcrumb\":{\"@id\":\"https:\/\/nomadimmigrationservices.com\/serviciosmigratorios\/#breadcrumb\"},\"inLanguage\":\"es\",\"potentialAction\":[{\"@type\":\"ReadAction\",\"target\":[\"https:\/\/nomadimmigrationservices.com\/serviciosmigratorios\/\"]}]},{\"@type\":\"BreadcrumbList\",\"@id\":\"https:\/\/nomadimmigrationservices.com\/serviciosmigratorios\/#breadcrumb\",\"itemListElement\":[{\"@type\":\"ListItem\",\"position\":1,\"name\":\"Home\",\"item\":\"https:\/\/nomadimmigrationservices.com\/\"},{\"@type\":\"ListItem\",\"position\":2,\"name\":\"Servicios\"}]},{\"@type\":\"WebSite\",\"@id\":\"https:\/\/nomadimmigrationservices.com\/#website\",\"url\":\"https:\/\/nomadimmigrationservices.com\/\",\"name\":\"Nomad Immigration Services\",\"description\":\"Immigration Services Costa Rica\",\"publisher\":{\"@id\":\"https:\/\/nomadimmigrationservices.com\/#organization\"},\"potentialAction\":[{\"@type\":\"SearchAction\",\"target\":{\"@type\":\"EntryPoint\",\"urlTemplate\":\"https:\/\/nomadimmigrationservices.com\/?s={search_term_string}\"},\"query-input\":{\"@type\":\"PropertyValueSpecification\",\"valueRequired\":true,\"valueName\":\"search_term_string\"}}],\"inLanguage\":\"es\"},{\"@type\":\"Organization\",\"@id\":\"https:\/\/nomadimmigrationservices.com\/#organization\",\"name\":\"Nomad Immigration Services\",\"url\":\"https:\/\/nomadimmigrationservices.com\/\",\"logo\":{\"@type\":\"ImageObject\",\"inLanguage\":\"es\",\"@id\":\"https:\/\/nomadimmigrationservices.com\/#\/schema\/logo\/image\/\",\"url\":\"https:\/\/nomadimmigrationservices.com\/wp-content\/uploads\/2022\/06\/cropped-Logo-Nomad-blanco-1.png\",\"contentUrl\":\"https:\/\/nomadimmigrationservices.com\/wp-content\/uploads\/2022\/06\/cropped-Logo-Nomad-blanco-1.png\",\"width\":1532,\"height\":525,\"caption\":\"Nomad Immigration Services\"},\"image\":{\"@id\":\"https:\/\/nomadimmigrationservices.com\/#\/schema\/logo\/image\/\"}}]}<\/script>\n<!-- \/ Yoast SEO plugin. -->","yoast_head_json":{"title":"Servicios - Nomad Immigration Services","robots":{"index":"index","follow":"follow","max-snippet":"max-snippet:-1","max-image-preview":"max-image-preview:large","max-video-preview":"max-video-preview:-1"},"canonical":"https:\/\/nomadimmigrationservices.com\/es\/serviciosmigratorios\/","og_locale":"es_ES","og_type":"article","og_title":"Servicios - Nomad Immigration Services","og_description":"Servicios SERVICIOS MIGRATORIOS Cuando la decisi\u00f3n de trasladarse a vivir a otro pa\u00eds ya est\u00e1 tomada, el gran desaf\u00edo que la mayor\u00eda de la gente enfrenta es c\u00f3mo hacerlo de forma legal y determinar qu\u00e9 se necesitar\u00e1 para lograrlo. En&hellip;","og_url":"https:\/\/nomadimmigrationservices.com\/es\/serviciosmigratorios\/","og_site_name":"Nomad Immigration Services","article_modified_time":"2025-09-23T00:12:46+00:00","twitter_card":"summary_large_image","twitter_misc":{"Tiempo de lectura":"2 minutos"},"schema":{"@context":"https:\/\/schema.org","@graph":[{"@type":"WebPage","@id":"https:\/\/nomadimmigrationservices.com\/serviciosmigratorios\/","url":"https:\/\/nomadimmigrationservices.com\/serviciosmigratorios\/","name":"Servicios - Nomad Immigration Services","isPartOf":{"@id":"https:\/\/nomadimmigrationservices.com\/#website"},"datePublished":"2019-08-05T10:50:25+00:00","dateModified":"2025-09-23T00:12:46+00:00","breadcrumb":{"@id":"https:\/\/nomadimmigrationservices.com\/serviciosmigratorios\/#breadcrumb"},"inLanguage":"es","potentialAction":[{"@type":"ReadAction","target":["https:\/\/nomadimmigrationservices.com\/serviciosmigratorios\/"]}]},{"@type":"BreadcrumbList","@id":"https:\/\/nomadimmigrationservices.com\/serviciosmigratorios\/#breadcrumb","itemListElement":[{"@type":"ListItem","position":1,"name":"Home","item":"https:\/\/nomadimmigrationservices.com\/"},{"@type":"ListItem","position":2,"name":"Servicios"}]},{"@type":"WebSite","@id":"https:\/\/nomadimmigrationservices.com\/#website","url":"https:\/\/nomadimmigrationservices.com\/","name":"Nomad Immigration Services","description":"Immigration Services Costa Rica","publisher":{"@id":"https:\/\/nomadimmigrationservices.com\/#organization"},"potentialAction":[{"@type":"SearchAction","target":{"@type":"EntryPoint","urlTemplate":"https:\/\/nomadimmigrationservices.com\/?s={search_term_string}"},"query-input":{"@type":"PropertyValueSpecification","valueRequired":true,"valueName":"search_term_string"}}],"inLanguage":"es"},{"@type":"Organization","@id":"https:\/\/nomadimmigrationservices.com\/#organization","name":"Nomad Immigration Services","url":"https:\/\/nomadimmigrationservices.com\/","logo":{"@type":"ImageObject","inLanguage":"es","@id":"https:\/\/nomadimmigrationservices.com\/#\/schema\/logo\/image\/","url":"https:\/\/nomadimmigrationservices.com\/wp-content\/uploads\/2022\/06\/cropped-Logo-Nomad-blanco-1.png","contentUrl":"https:\/\/nomadimmigrationservices.com\/wp-content\/uploads\/2022\/06\/cropped-Logo-Nomad-blanco-1.png","width":1532,"height":525,"caption":"Nomad Immigration Services"},"image":{"@id":"https:\/\/nomadimmigrationservices.com\/#\/schema\/logo\/image\/"}}]}},"_links":{"self":[{"href":"https:\/\/nomadimmigrationservices.com\/es\/wp-json\/wp\/v2\/pages\/174","targetHints":{"allow":["GET"]}}],"collection":[{"href":"https:\/\/nomadimmigrationservices.com\/es\/wp-json\/wp\/v2\/pages"}],"about":[{"href":"https:\/\/nomadimmigrationservices.com\/es\/wp-json\/wp\/v2\/types\/page"}],"author":[{"embeddable":true,"href":"https:\/\/nomadimmigrationservices.com\/es\/wp-json\/wp\/v2\/users\/1"}],"replies":[{"embeddable":true,"href":"https:\/\/nomadimmigrationservices.com\/es\/wp-json\/wp\/v2\/comments?post=174"}],"version-history":[{"count":21,"href":"https:\/\/nomadimmigrationservices.com\/es\/wp-json\/wp\/v2\/pages\/174\/revisions"}],"predecessor-version":[{"id":12081,"href":"https:\/\/nomadimmigrationservices.com\/es\/wp-json\/wp\/v2\/pages\/174\/revisions\/12081"}],"wp:attachment":[{"href":"https:\/\/nomadimmigrationservices.com\/es\/wp-json\/wp\/v2\/media?parent=174"}],"curies":[{"name":"wp","href":"https:\/\/api.w.org\/{rel}","templated":true}]}}